{"id":10580,"date":"2025-10-07T10:33:45","date_gmt":"2025-10-07T10:33:45","guid":{"rendered":"https:\/\/www.atvquadotwock.pl\/sklep\/?post_type=product&#038;p=10580"},"modified":"2025-11-25T10:09:19","modified_gmt":"2025-11-25T10:09:19","slug":"plug-do-odsniezania-150cm","status":"publish","type":"product","link":"https:\/\/www.atvquadotwock.pl\/sklep\/produkt\/plug-do-odsniezania-150cm\/","title":{"rendered":"P\u0141UG do od\u015bnie\u017cania 150CM"},"content":{"rendered":"<p>p\u0142ug 150cm system click and go. w zestawie \u015brubki, p\u0142yta mocuj\u0105ca pod spodem.<\/p>\n<p>&nbsp;<\/p>\n<p>pasuje do wi\u0119kszo\u015bci quad\u00f3w na rynku.<\/p>\n","protected":false},"excerpt":{"rendered":"<p>p\u0142ug 150cm system click and go. w zestawie \u015brubki, p\u0142yta mocuj\u0105ca pod spodem. &nbsp; pasuje do wi\u0119kszo\u015bci quad\u00f3w na rynku.<\/p>\n","protected":false},"featured_media":10582,"template":"","meta":{"spay_email":""},"product_cat":[34],"product_tag":[],"woo-feed-brand":[],"acf":[],"_links":{"self":[{"href":"https:\/\/www.atvquadotwock.pl\/sklep\/wp-json\/wp\/v2\/product\/10580"}],"collection":[{"href":"https:\/\/www.atvquadotwock.pl\/sklep\/wp-json\/wp\/v2\/product"}],"about":[{"href":"https:\/\/www.atvquadotwock.pl\/sklep\/wp-json\/wp\/v2\/types\/product"}],"wp:featuredmedia":[{"embeddable":true,"href":"https:\/\/www.atvquadotwock.pl\/sklep\/wp-json\/wp\/v2\/media\/10582"}],"wp:attachment":[{"href":"https:\/\/www.atvquadotwock.pl\/sklep\/wp-json\/wp\/v2\/media?parent=10580"}],"wp:term":[{"taxonomy":"product_cat","embeddable":true,"href":"https:\/\/www.atvquadotwock.pl\/sklep\/wp-json\/wp\/v2\/product_cat?post=10580"},{"taxonomy":"product_tag","embeddable":true,"href":"https:\/\/www.atvquadotwock.pl\/sklep\/wp-json\/wp\/v2\/product_tag?post=10580"},{"taxonomy":"woo-feed-brand","embeddable":true,"href":"https:\/\/www.atvquadotwock.pl\/sklep\/wp-json\/wp\/v2\/woo-feed-brand?post=10580"}],"curies":[{"name":"wp","href":"https:\/\/api.w.org\/{rel}","templated":true}]}}