{"id":10579,"date":"2025-10-07T10:31:32","date_gmt":"2025-10-07T10:31:32","guid":{"rendered":"https:\/\/www.atvquadotwock.pl\/sklep\/?post_type=product&#038;p=10579"},"modified":"2025-11-25T10:10:25","modified_gmt":"2025-11-25T10:10:25","slug":"plug-do-odsniezania-atv-quad-polski-150cm","status":"publish","type":"product","link":"https:\/\/www.atvquadotwock.pl\/sklep\/produkt\/plug-do-odsniezania-atv-quad-polski-150cm\/","title":{"rendered":"P\u0141UG do od\u015bnie\u017cania ATV-QUAD Polski 150CM TYKO ODBI\u00d3R OSOBISTY!"},"content":{"rendered":"<p>p\u0142ug do quada i utv. szeroko\u015bc 150cm, w zestawie \u015brubki, p\u0142yta mocuj\u0105ca pod spodem.<\/p>\n<p>waga 80kg! Najlepszy na rynku. Guma zbrojona.<\/p>\n<p>regulowany prawa-lewa strona.<\/p>\n<p>&nbsp;<\/p>\n<p>pasuje do wi\u0119kszo\u015bci quad\u00f3w na rynku.<\/p>\n","protected":false},"excerpt":{"rendered":"<p>p\u0142ug do quada i utv. szeroko\u015bc 150cm, w zestawie \u015brubki, p\u0142yta mocuj\u0105ca pod spodem. waga 80kg! Najlepszy na rynku. Guma&hellip;<\/p>\n","protected":false},"featured_media":0,"template":"","meta":{"spay_email":""},"product_cat":[34],"product_tag":[],"woo-feed-brand":[],"acf":[],"_links":{"self":[{"href":"https:\/\/www.atvquadotwock.pl\/sklep\/wp-json\/wp\/v2\/product\/10579"}],"collection":[{"href":"https:\/\/www.atvquadotwock.pl\/sklep\/wp-json\/wp\/v2\/product"}],"about":[{"href":"https:\/\/www.atvquadotwock.pl\/sklep\/wp-json\/wp\/v2\/types\/product"}],"wp:attachment":[{"href":"https:\/\/www.atvquadotwock.pl\/sklep\/wp-json\/wp\/v2\/media?parent=10579"}],"wp:term":[{"taxonomy":"product_cat","embeddable":true,"href":"https:\/\/www.atvquadotwock.pl\/sklep\/wp-json\/wp\/v2\/product_cat?post=10579"},{"taxonomy":"product_tag","embeddable":true,"href":"https:\/\/www.atvquadotwock.pl\/sklep\/wp-json\/wp\/v2\/product_tag?post=10579"},{"taxonomy":"woo-feed-brand","embeddable":true,"href":"https:\/\/www.atvquadotwock.pl\/sklep\/wp-json\/wp\/v2\/woo-feed-brand?post=10579"}],"curies":[{"name":"wp","href":"https:\/\/api.w.org\/{rel}","templated":true}]}}