{"id":1057,"date":"2020-07-31T08:59:01","date_gmt":"2020-07-31T08:59:01","guid":{"rendered":"https:\/\/www.atvquadotwock.pl\/sklep\/?post_type=product&#038;p=1057"},"modified":"2023-03-10T08:37:26","modified_gmt":"2023-03-10T08:37:26","slug":"pompa-hamulca-noznego-cf-moto-500-x5-9010-080400","status":"publish","type":"product","link":"https:\/\/www.atvquadotwock.pl\/sklep\/produkt\/pompa-hamulca-noznego-cf-moto-500-x5-9010-080400\/","title":{"rendered":"POMPA HAMULCA NO\u017bNEGO CF MOTO 500 X5 625 x6 x7 9010-080400"},"content":{"rendered":"<p>Pompa no\u017cna do CFMOTO 500. Pasuje do starych (okr\u0105g\u0142e lampy) jak i do kwadratowej wersji oraz do X5 X6.<\/p>\n<p>&nbsp;<\/p>\n<p>&nbsp;<\/p>\n<p>OEM 9010-080400<\/p>\n","protected":false},"excerpt":{"rendered":"<p>Pompa no\u017cna do CFMOTO 500. Pasuje do starych (okr\u0105g\u0142e lampy) jak i do kwadratowej wersji oraz do X5 X6. &nbsp;&hellip;<\/p>\n","protected":false},"featured_media":2089,"template":"","meta":{"spay_email":""},"product_cat":[112,100,94,23],"product_tag":[],"woo-feed-brand":[],"acf":[],"_links":{"self":[{"href":"https:\/\/www.atvquadotwock.pl\/sklep\/wp-json\/wp\/v2\/product\/1057"}],"collection":[{"href":"https:\/\/www.atvquadotwock.pl\/sklep\/wp-json\/wp\/v2\/product"}],"about":[{"href":"https:\/\/www.atvquadotwock.pl\/sklep\/wp-json\/wp\/v2\/types\/product"}],"wp:featuredmedia":[{"embeddable":true,"href":"https:\/\/www.atvquadotwock.pl\/sklep\/wp-json\/wp\/v2\/media\/2089"}],"wp:attachment":[{"href":"https:\/\/www.atvquadotwock.pl\/sklep\/wp-json\/wp\/v2\/media?parent=1057"}],"wp:term":[{"taxonomy":"product_cat","embeddable":true,"href":"https:\/\/www.atvquadotwock.pl\/sklep\/wp-json\/wp\/v2\/product_cat?post=1057"},{"taxonomy":"product_tag","embeddable":true,"href":"https:\/\/www.atvquadotwock.pl\/sklep\/wp-json\/wp\/v2\/product_tag?post=1057"},{"taxonomy":"woo-feed-brand","embeddable":true,"href":"https:\/\/www.atvquadotwock.pl\/sklep\/wp-json\/wp\/v2\/woo-feed-brand?post=1057"}],"curies":[{"name":"wp","href":"https:\/\/api.w.org\/{rel}","templated":true}]}}