{"id":10495,"date":"2025-09-24T14:17:39","date_gmt":"2025-09-24T14:17:39","guid":{"rendered":"https:\/\/www.atvquadotwock.pl\/sklep\/?post_type=product&#038;p=10495"},"modified":"2025-09-24T14:19:11","modified_gmt":"2025-09-24T14:19:11","slug":"wydech-koncowy-akrapovic-800-mt-cfmoto-tytanowy","status":"publish","type":"product","link":"https:\/\/www.atvquadotwock.pl\/sklep\/produkt\/wydech-koncowy-akrapovic-800-mt-cfmoto-tytanowy\/","title":{"rendered":"wydech ko\u0144cowy AKRAPOVIC 800 MT CFMOTO tytanowy"},"content":{"rendered":"<p>ORYGINALNY PRODUKT AKRAPOVIC dedykowany do CFMOTO 800 mt<\/p>\n<p>Cechy<\/p>\n<p>Wy\u015bcigowy wygl\u0105d i wysokiej jako\u015bci konstrukcja tytanowa: tytanowa tuleja zewn\u0119trzna ze spawanym tytanowym wspornikiem, tytanowy zesp\u00f3\u0142 za\u015blepki ko\u0144cowej, wygl\u0105d uk\u0142adu wydechowego motocykla Dakar Rally, laserowo wygrawerowane logo \u201edesigned for CFMOTO\u201d<br \/>\nZnaczna redukcja masy o 39,5% (ok. 1,9 kg) w por\u00f3wnaniu z fabrycznym t\u0142umikiem<br \/>\nZwi\u0119kszona reakcja przepustnicy i osi\u0105gi w ca\u0142ym zakresie obrot\u00f3w silnika: maksymalny moment obrotowy 74,1 Nm przy 6700 obr.\/min. Maksymalna moc 65,5 kW (89,1 KM) przy 9500 obr.\/min, +3,6 Nm przy 6800 obr.\/min; +2,6 kW (3,6 KM) przy 6800 obr.\/min<br \/>\n\u0141atwy monta\u017c bez konieczno\u015bci demonta\u017cu wspornik\u00f3w bocznych skrzynek.<br \/>\nSportowy d\u017awi\u0119k: bardziej gard\u0142owy i czysty w por\u00f3wnaniu z fabrycznym uk\u0142adem wydechowym.<br \/>\nSzczelna, kontrolowana jako\u015bciowo produkcja zapewniaj\u0105ca precyzyjne i idealne dopasowanie oraz wyko\u0144czenie.<br \/>\n\u0141atwa wymiana. Nie wymaga przeprogramowania ECU. Pe\u0142na zgodno\u015b\u0107 z homologacj\u0105 Euro5+.<\/p>\n<p>Przet\u0142umaczono z DeepL.com (wersja darmowa)<\/p>\n<p>&nbsp;<\/p>\n<p>6WWV-803510-5000<\/p>\n<h1>800MT Akrapovic Slip-On Muffler<\/h1>\n","protected":false},"excerpt":{"rendered":"<p>ORYGINALNY PRODUKT AKRAPOVIC dedykowany do CFMOTO 800 mt Cechy Wy\u015bcigowy wygl\u0105d i wysokiej jako\u015bci konstrukcja tytanowa: tytanowa tuleja zewn\u0119trzna ze&hellip;<\/p>\n","protected":false},"featured_media":10496,"template":"","meta":{"spay_email":""},"product_cat":[141,117],"product_tag":[],"woo-feed-brand":[],"acf":[],"_links":{"self":[{"href":"https:\/\/www.atvquadotwock.pl\/sklep\/wp-json\/wp\/v2\/product\/10495"}],"collection":[{"href":"https:\/\/www.atvquadotwock.pl\/sklep\/wp-json\/wp\/v2\/product"}],"about":[{"href":"https:\/\/www.atvquadotwock.pl\/sklep\/wp-json\/wp\/v2\/types\/product"}],"wp:featuredmedia":[{"embeddable":true,"href":"https:\/\/www.atvquadotwock.pl\/sklep\/wp-json\/wp\/v2\/media\/10496"}],"wp:attachment":[{"href":"https:\/\/www.atvquadotwock.pl\/sklep\/wp-json\/wp\/v2\/media?parent=10495"}],"wp:term":[{"taxonomy":"product_cat","embeddable":true,"href":"https:\/\/www.atvquadotwock.pl\/sklep\/wp-json\/wp\/v2\/product_cat?post=10495"},{"taxonomy":"product_tag","embeddable":true,"href":"https:\/\/www.atvquadotwock.pl\/sklep\/wp-json\/wp\/v2\/product_tag?post=10495"},{"taxonomy":"woo-feed-brand","embeddable":true,"href":"https:\/\/www.atvquadotwock.pl\/sklep\/wp-json\/wp\/v2\/woo-feed-brand?post=10495"}],"curies":[{"name":"wp","href":"https:\/\/api.w.org\/{rel}","templated":true}]}}