{"id":10491,"date":"2025-09-24T14:11:18","date_gmt":"2025-09-24T14:11:18","guid":{"rendered":"https:\/\/www.atvquadotwock.pl\/sklep\/?post_type=product&#038;p=10491"},"modified":"2025-09-24T14:14:08","modified_gmt":"2025-09-24T14:14:08","slug":"wydech-koncowy-akrapovic-450mt-cfmoto-tytanowy","status":"publish","type":"product","link":"https:\/\/www.atvquadotwock.pl\/sklep\/produkt\/wydech-koncowy-akrapovic-450mt-cfmoto-tytanowy\/","title":{"rendered":"wydech ko\u0144cowy AKRAPOVIC 450MT CFMOTO tytanowy"},"content":{"rendered":"<p>ORYGINALNY PRODUKT AKRAPOVIC dedykowany do CFMOTO 450mt<\/p>\n<p>Cechy<br \/>\nKonstrukcja z tytanu klasy premium: materia\u0142y sprawdzone w wy\u015bcigach, logo \u201edesigned for CFMOTO\u201d wygrawerowane laserowo, tytanowa tuleja zewn\u0119trzna, tytanowy zesp\u00f3\u0142 za\u015blepki ko\u0144cowej<br \/>\nWaga zmniejszona o 33,1% w por\u00f3wnaniu ze standardowym t\u0142umikiem wydechowym (o 1,2 kg l\u017cejszy)<br \/>\nZwi\u0119kszona wydajno\u015b\u0107 w ca\u0142ym zakresie obrot\u00f3w: wzrost momentu obrotowego i mocy: +1,5 Nm przy 4400 obr.\/min; +0,7 kW (1,0 KM) przy 8100 obr.\/min.<br \/>\nDostrojony d\u017awi\u0119k: g\u0142\u0119boki, charakterystyczny d\u017awi\u0119k wydechu bez nadmiernej agresywno\u015bci.<br \/>\nProdukcja pod kontrol\u0105 jako\u015bci zapewniaj\u0105ca idealne dopasowanie i wyko\u0144czenie.<br \/>\nInstalacja typu \u201eplug-and-play\u201d \u2013 nie wymaga ponownego mapowania ECU.<\/p>\n<p>&nbsp;<\/p>\n<p>6AQV-803110-6000<\/p>\n<h1>AKRAPOVIC 450MT TITANIUM SLIP-ON LINE MUFFLER<\/h1>\n","protected":false},"excerpt":{"rendered":"<p>ORYGINALNY PRODUKT AKRAPOVIC dedykowany do CFMOTO 450mt Cechy Konstrukcja z tytanu klasy premium: materia\u0142y sprawdzone w wy\u015bcigach, logo \u201edesigned for&hellip;<\/p>\n","protected":false},"featured_media":10492,"template":"","meta":{"spay_email":""},"product_cat":[139,117],"product_tag":[],"woo-feed-brand":[],"acf":[],"_links":{"self":[{"href":"https:\/\/www.atvquadotwock.pl\/sklep\/wp-json\/wp\/v2\/product\/10491"}],"collection":[{"href":"https:\/\/www.atvquadotwock.pl\/sklep\/wp-json\/wp\/v2\/product"}],"about":[{"href":"https:\/\/www.atvquadotwock.pl\/sklep\/wp-json\/wp\/v2\/types\/product"}],"wp:featuredmedia":[{"embeddable":true,"href":"https:\/\/www.atvquadotwock.pl\/sklep\/wp-json\/wp\/v2\/media\/10492"}],"wp:attachment":[{"href":"https:\/\/www.atvquadotwock.pl\/sklep\/wp-json\/wp\/v2\/media?parent=10491"}],"wp:term":[{"taxonomy":"product_cat","embeddable":true,"href":"https:\/\/www.atvquadotwock.pl\/sklep\/wp-json\/wp\/v2\/product_cat?post=10491"},{"taxonomy":"product_tag","embeddable":true,"href":"https:\/\/www.atvquadotwock.pl\/sklep\/wp-json\/wp\/v2\/product_tag?post=10491"},{"taxonomy":"woo-feed-brand","embeddable":true,"href":"https:\/\/www.atvquadotwock.pl\/sklep\/wp-json\/wp\/v2\/woo-feed-brand?post=10491"}],"curies":[{"name":"wp","href":"https:\/\/api.w.org\/{rel}","templated":true}]}}