{"id":10487,"date":"2025-09-24T09:02:28","date_gmt":"2025-09-24T09:02:28","guid":{"rendered":"https:\/\/www.atvquadotwock.pl\/sklep\/?post_type=product&#038;p=10487"},"modified":"2025-09-24T09:04:26","modified_gmt":"2025-09-24T09:04:26","slug":"prawe-lusterko-skladane-450mt-mt-mtx-800-cfmoto","status":"publish","type":"product","link":"https:\/\/www.atvquadotwock.pl\/sklep\/produkt\/prawe-lusterko-skladane-450mt-mt-mtx-800-cfmoto\/","title":{"rendered":"prawe lusterko sk\u0142adane 450mt mt mtx 800 cfmoto"},"content":{"rendered":"<p>lusterko prawe sk\u0142adane do mt450 i mtx ale z ciekawo\u015bci r\u00f3wnie\u017c Pasuje do wi\u0119kszo\u015bci cfmoto motocykli<\/p>\n<p>&nbsp;<\/p>\n<p>&nbsp;<\/p>\n<p>6AQV-200400-6000<\/p>\n","protected":false},"excerpt":{"rendered":"<p>lusterko prawe sk\u0142adane do mt450 i mtx ale z ciekawo\u015bci r\u00f3wnie\u017c Pasuje do wi\u0119kszo\u015bci cfmoto motocykli &nbsp; &nbsp; 6AQV-200400-6000<\/p>\n","protected":false},"featured_media":10488,"template":"","meta":{"spay_email":""},"product_cat":[139,141],"product_tag":[],"woo-feed-brand":[],"acf":[],"_links":{"self":[{"href":"https:\/\/www.atvquadotwock.pl\/sklep\/wp-json\/wp\/v2\/product\/10487"}],"collection":[{"href":"https:\/\/www.atvquadotwock.pl\/sklep\/wp-json\/wp\/v2\/product"}],"about":[{"href":"https:\/\/www.atvquadotwock.pl\/sklep\/wp-json\/wp\/v2\/types\/product"}],"wp:featuredmedia":[{"embeddable":true,"href":"https:\/\/www.atvquadotwock.pl\/sklep\/wp-json\/wp\/v2\/media\/10488"}],"wp:attachment":[{"href":"https:\/\/www.atvquadotwock.pl\/sklep\/wp-json\/wp\/v2\/media?parent=10487"}],"wp:term":[{"taxonomy":"product_cat","embeddable":true,"href":"https:\/\/www.atvquadotwock.pl\/sklep\/wp-json\/wp\/v2\/product_cat?post=10487"},{"taxonomy":"product_tag","embeddable":true,"href":"https:\/\/www.atvquadotwock.pl\/sklep\/wp-json\/wp\/v2\/product_tag?post=10487"},{"taxonomy":"woo-feed-brand","embeddable":true,"href":"https:\/\/www.atvquadotwock.pl\/sklep\/wp-json\/wp\/v2\/woo-feed-brand?post=10487"}],"curies":[{"name":"wp","href":"https:\/\/api.w.org\/{rel}","templated":true}]}}