{"id":10474,"date":"2025-09-24T08:31:04","date_gmt":"2025-09-24T08:31:04","guid":{"rendered":"https:\/\/www.atvquadotwock.pl\/sklep\/?post_type=product&#038;p=10474"},"modified":"2025-09-24T08:31:51","modified_gmt":"2025-09-24T08:31:51","slug":"obnizona-kanapa-grzana-mtx-800-cfmoto","status":"publish","type":"product","link":"https:\/\/www.atvquadotwock.pl\/sklep\/produkt\/obnizona-kanapa-grzana-mtx-800-cfmoto\/","title":{"rendered":"obni\u017cona kanapa grzana mtx 800 cfmoto"},"content":{"rendered":"<p>w zestawie \u015brubki do monta\u017cu i instrukcja. obni\u017ca o 2cm.<\/p>\n<p>kabel do pod\u0142\u0105czenia pod fotelem do fabrycznej instalacji (jest kostka wolna)<\/p>\n<p>Uwaga! KANAPY podgrzewane koduje si\u0119 i aktywuje w serwisie CFMOTO, kt\u00f3re posiada komputer diagnostyczny.<\/p>\n<p>&nbsp;<\/p>\n<p>&nbsp;<\/p>\n<p>6WXV-806100-2000<\/p>\n","protected":false},"excerpt":{"rendered":"<p>w zestawie \u015brubki do monta\u017cu i instrukcja. obni\u017ca o 2cm. kabel do pod\u0142\u0105czenia pod fotelem do fabrycznej instalacji (jest kostka&hellip;<\/p>\n","protected":false},"featured_media":10475,"template":"","meta":{"spay_email":""},"product_cat":[141],"product_tag":[],"woo-feed-brand":[],"acf":[],"_links":{"self":[{"href":"https:\/\/www.atvquadotwock.pl\/sklep\/wp-json\/wp\/v2\/product\/10474"}],"collection":[{"href":"https:\/\/www.atvquadotwock.pl\/sklep\/wp-json\/wp\/v2\/product"}],"about":[{"href":"https:\/\/www.atvquadotwock.pl\/sklep\/wp-json\/wp\/v2\/types\/product"}],"wp:featuredmedia":[{"embeddable":true,"href":"https:\/\/www.atvquadotwock.pl\/sklep\/wp-json\/wp\/v2\/media\/10475"}],"wp:attachment":[{"href":"https:\/\/www.atvquadotwock.pl\/sklep\/wp-json\/wp\/v2\/media?parent=10474"}],"wp:term":[{"taxonomy":"product_cat","embeddable":true,"href":"https:\/\/www.atvquadotwock.pl\/sklep\/wp-json\/wp\/v2\/product_cat?post=10474"},{"taxonomy":"product_tag","embeddable":true,"href":"https:\/\/www.atvquadotwock.pl\/sklep\/wp-json\/wp\/v2\/product_tag?post=10474"},{"taxonomy":"woo-feed-brand","embeddable":true,"href":"https:\/\/www.atvquadotwock.pl\/sklep\/wp-json\/wp\/v2\/woo-feed-brand?post=10474"}],"curies":[{"name":"wp","href":"https:\/\/api.w.org\/{rel}","templated":true}]}}