{"id":10465,"date":"2025-09-24T08:07:00","date_gmt":"2025-09-24T08:07:00","guid":{"rendered":"https:\/\/www.atvquadotwock.pl\/sklep\/?post_type=product&#038;p=10465"},"modified":"2025-09-24T08:42:14","modified_gmt":"2025-09-24T08:42:14","slug":"gmole-dolne-mtx-800-cfmoto","status":"publish","type":"product","link":"https:\/\/www.atvquadotwock.pl\/sklep\/produkt\/gmole-dolne-mtx-800-cfmoto\/","title":{"rendered":"gmole dolne mtx 800 cfmoto"},"content":{"rendered":"<p>w zestawie \u015brubki do monta\u017cu i instrukcja.<\/p>\n<p>&nbsp;<\/p>\n<p>Uwaga! JE\u015aLI MASZ oryginaln\u0105 os\u0142one aluminiow\u0105 akcesoryjn\u0105 cfmoto, to gmole dolne nie zamontujesz.<\/p>\n<p>&nbsp;<\/p>\n<p>&nbsp;<\/p>\n<p>6WWV-802000-8000<\/p>\n","protected":false},"excerpt":{"rendered":"<p>w zestawie \u015brubki do monta\u017cu i instrukcja. &nbsp; Uwaga! JE\u015aLI MASZ oryginaln\u0105 os\u0142one aluminiow\u0105 akcesoryjn\u0105 cfmoto, to gmole dolne nie&hellip;<\/p>\n","protected":false},"featured_media":10466,"template":"","meta":{"spay_email":""},"product_cat":[141],"product_tag":[],"woo-feed-brand":[],"acf":[],"_links":{"self":[{"href":"https:\/\/www.atvquadotwock.pl\/sklep\/wp-json\/wp\/v2\/product\/10465"}],"collection":[{"href":"https:\/\/www.atvquadotwock.pl\/sklep\/wp-json\/wp\/v2\/product"}],"about":[{"href":"https:\/\/www.atvquadotwock.pl\/sklep\/wp-json\/wp\/v2\/types\/product"}],"wp:featuredmedia":[{"embeddable":true,"href":"https:\/\/www.atvquadotwock.pl\/sklep\/wp-json\/wp\/v2\/media\/10466"}],"wp:attachment":[{"href":"https:\/\/www.atvquadotwock.pl\/sklep\/wp-json\/wp\/v2\/media?parent=10465"}],"wp:term":[{"taxonomy":"product_cat","embeddable":true,"href":"https:\/\/www.atvquadotwock.pl\/sklep\/wp-json\/wp\/v2\/product_cat?post=10465"},{"taxonomy":"product_tag","embeddable":true,"href":"https:\/\/www.atvquadotwock.pl\/sklep\/wp-json\/wp\/v2\/product_tag?post=10465"},{"taxonomy":"woo-feed-brand","embeddable":true,"href":"https:\/\/www.atvquadotwock.pl\/sklep\/wp-json\/wp\/v2\/woo-feed-brand?post=10465"}],"curies":[{"name":"wp","href":"https:\/\/api.w.org\/{rel}","templated":true}]}}