{"id":10461,"date":"2025-09-24T08:01:14","date_gmt":"2025-09-24T08:01:14","guid":{"rendered":"https:\/\/www.atvquadotwock.pl\/sklep\/?post_type=product&#038;p=10461"},"modified":"2025-09-24T08:41:22","modified_gmt":"2025-09-24T08:41:22","slug":"gmole-gorne-mtx-800-cfmoto","status":"publish","type":"product","link":"https:\/\/www.atvquadotwock.pl\/sklep\/produkt\/gmole-gorne-mtx-800-cfmoto\/","title":{"rendered":"gmole g\u00f3rne mtx 800 cfmoto"},"content":{"rendered":"<p>w zestawie \u015brubki do monta\u017cu i instrukcja.<\/p>\n<p>&nbsp;<\/p>\n<p>&nbsp;<\/p>\n<p>6WWV-801000-8000<\/p>\n","protected":false},"excerpt":{"rendered":"<p>w zestawie \u015brubki do monta\u017cu i instrukcja. &nbsp; &nbsp; 6WWV-801000-8000<\/p>\n","protected":false},"featured_media":10462,"template":"","meta":{"spay_email":""},"product_cat":[141],"product_tag":[],"woo-feed-brand":[],"acf":[],"_links":{"self":[{"href":"https:\/\/www.atvquadotwock.pl\/sklep\/wp-json\/wp\/v2\/product\/10461"}],"collection":[{"href":"https:\/\/www.atvquadotwock.pl\/sklep\/wp-json\/wp\/v2\/product"}],"about":[{"href":"https:\/\/www.atvquadotwock.pl\/sklep\/wp-json\/wp\/v2\/types\/product"}],"wp:featuredmedia":[{"embeddable":true,"href":"https:\/\/www.atvquadotwock.pl\/sklep\/wp-json\/wp\/v2\/media\/10462"}],"wp:attachment":[{"href":"https:\/\/www.atvquadotwock.pl\/sklep\/wp-json\/wp\/v2\/media?parent=10461"}],"wp:term":[{"taxonomy":"product_cat","embeddable":true,"href":"https:\/\/www.atvquadotwock.pl\/sklep\/wp-json\/wp\/v2\/product_cat?post=10461"},{"taxonomy":"product_tag","embeddable":true,"href":"https:\/\/www.atvquadotwock.pl\/sklep\/wp-json\/wp\/v2\/product_tag?post=10461"},{"taxonomy":"woo-feed-brand","embeddable":true,"href":"https:\/\/www.atvquadotwock.pl\/sklep\/wp-json\/wp\/v2\/woo-feed-brand?post=10461"}],"curies":[{"name":"wp","href":"https:\/\/api.w.org\/{rel}","templated":true}]}}