{"id":10459,"date":"2025-09-24T08:00:31","date_gmt":"2025-09-24T08:00:31","guid":{"rendered":"https:\/\/www.atvquadotwock.pl\/sklep\/?post_type=product&#038;p=10459"},"modified":"2026-04-07T07:44:16","modified_gmt":"2026-04-07T07:44:16","slug":"oslona-aluminiowa-mtx-oslona-800-cfmoto","status":"publish","type":"product","link":"https:\/\/www.atvquadotwock.pl\/sklep\/produkt\/oslona-aluminiowa-mtx-oslona-800-cfmoto\/","title":{"rendered":"os\u0142ona aluminiowa mtx os\u0142ona 800 cfmoto"},"content":{"rendered":"<p>w zestawie \u015brubki do monta\u017cu i instrukcja.<\/p>\n<p>&nbsp;<\/p>\n<p>&nbsp;<\/p>\n<p>6WWV-804100-8000<\/p>\n","protected":false},"excerpt":{"rendered":"<p>w zestawie \u015brubki do monta\u017cu i instrukcja. &nbsp; &nbsp; 6WWV-804100-8000<\/p>\n","protected":false},"featured_media":10460,"template":"","meta":{"spay_email":""},"product_cat":[141],"product_tag":[],"woo-feed-brand":[],"acf":[],"_links":{"self":[{"href":"https:\/\/www.atvquadotwock.pl\/sklep\/wp-json\/wp\/v2\/product\/10459"}],"collection":[{"href":"https:\/\/www.atvquadotwock.pl\/sklep\/wp-json\/wp\/v2\/product"}],"about":[{"href":"https:\/\/www.atvquadotwock.pl\/sklep\/wp-json\/wp\/v2\/types\/product"}],"wp:featuredmedia":[{"embeddable":true,"href":"https:\/\/www.atvquadotwock.pl\/sklep\/wp-json\/wp\/v2\/media\/10460"}],"wp:attachment":[{"href":"https:\/\/www.atvquadotwock.pl\/sklep\/wp-json\/wp\/v2\/media?parent=10459"}],"wp:term":[{"taxonomy":"product_cat","embeddable":true,"href":"https:\/\/www.atvquadotwock.pl\/sklep\/wp-json\/wp\/v2\/product_cat?post=10459"},{"taxonomy":"product_tag","embeddable":true,"href":"https:\/\/www.atvquadotwock.pl\/sklep\/wp-json\/wp\/v2\/product_tag?post=10459"},{"taxonomy":"woo-feed-brand","embeddable":true,"href":"https:\/\/www.atvquadotwock.pl\/sklep\/wp-json\/wp\/v2\/woo-feed-brand?post=10459"}],"curies":[{"name":"wp","href":"https:\/\/api.w.org\/{rel}","templated":true}]}}