{"id":10302,"date":"2025-09-02T11:36:04","date_gmt":"2025-09-02T11:36:04","guid":{"rendered":"https:\/\/www.atvquadotwock.pl\/sklep\/?post_type=product&#038;p=10302"},"modified":"2025-09-02T12:05:15","modified_gmt":"2025-09-02T12:05:15","slug":"tuleje-amortyzatorow-wzmacniane-cfmoto","status":"publish","type":"product","link":"https:\/\/www.atvquadotwock.pl\/sklep\/produkt\/tuleje-amortyzatorow-wzmacniane-cfmoto\/","title":{"rendered":"tuleje amortyzator\u00f3w wzmacniane cfmoto"},"content":{"rendered":"<ul>\n<li>pasuj\u0105 do cfmoto 500, cfmoto 850 (olejowe amortyzatory, dolne mocowania)<\/li>\n<li><strong>Wymiary tulejek wzmacniane z ertalonu<\/strong><\/li>\n<li>\u015brednica oczka w amortyzatorze 22,7 mm<\/li>\n<li>szeroko\u015b\u0107 monta\u017cowa 32mm<\/li>\n<li>otw\u00f3r \u015bruby FI 10<\/li>\n<\/ul>\n<p>pakowane s\u0105\u00a0 w paczce 4 tuleje.<\/p>\n","protected":false},"excerpt":{"rendered":"<p>pasuj\u0105 do cfmoto 500, cfmoto 850 (olejowe amortyzatory, dolne mocowania) Wymiary tulejek wzmacniane z ertalonu \u015brednica oczka w amortyzatorze 22,7&hellip;<\/p>\n","protected":false},"featured_media":10303,"template":"","meta":{"spay_email":""},"product_cat":[112,100,97],"product_tag":[],"woo-feed-brand":[],"acf":[],"_links":{"self":[{"href":"https:\/\/www.atvquadotwock.pl\/sklep\/wp-json\/wp\/v2\/product\/10302"}],"collection":[{"href":"https:\/\/www.atvquadotwock.pl\/sklep\/wp-json\/wp\/v2\/product"}],"about":[{"href":"https:\/\/www.atvquadotwock.pl\/sklep\/wp-json\/wp\/v2\/types\/product"}],"wp:featuredmedia":[{"embeddable":true,"href":"https:\/\/www.atvquadotwock.pl\/sklep\/wp-json\/wp\/v2\/media\/10303"}],"wp:attachment":[{"href":"https:\/\/www.atvquadotwock.pl\/sklep\/wp-json\/wp\/v2\/media?parent=10302"}],"wp:term":[{"taxonomy":"product_cat","embeddable":true,"href":"https:\/\/www.atvquadotwock.pl\/sklep\/wp-json\/wp\/v2\/product_cat?post=10302"},{"taxonomy":"product_tag","embeddable":true,"href":"https:\/\/www.atvquadotwock.pl\/sklep\/wp-json\/wp\/v2\/product_tag?post=10302"},{"taxonomy":"woo-feed-brand","embeddable":true,"href":"https:\/\/www.atvquadotwock.pl\/sklep\/wp-json\/wp\/v2\/woo-feed-brand?post=10302"}],"curies":[{"name":"wp","href":"https:\/\/api.w.org\/{rel}","templated":true}]}}