{"id":1030,"date":"2020-07-17T16:52:08","date_gmt":"2020-07-17T16:52:08","guid":{"rendered":"https:\/\/www.atvquadotwock.pl\/sklep\/?post_type=product&#038;p=1030"},"modified":"2023-04-18T10:25:51","modified_gmt":"2023-04-18T10:25:51","slug":"zderzak-bumper-przod-cfmoto-450-520-cf-moto","status":"publish","type":"product","link":"https:\/\/www.atvquadotwock.pl\/sklep\/produkt\/zderzak-bumper-przod-cfmoto-450-520-cf-moto\/","title":{"rendered":"ZESTAW Zderzak Bumper PRZ\u00d3D TY\u0141 CFMOTO 450 520 CF MOTO MODEL 2023+"},"content":{"rendered":"<p>Pe\u0142na ochrona lamp oraz maski.<br \/>\nPosiada mocowania pod listw\u0119 LED.<\/p>\n<p>W ZESTAWIE \u015aRUBKI DO MONTA\u017bU<\/p>\n<p>ZESTAW Z PRZEDNIEGO ORAZ TYLNEGO BUMPERA<\/p>\n<p>w zestawie TANIEJ!!<\/p>\n","protected":false},"excerpt":{"rendered":"<p>Pe\u0142na ochrona lamp oraz maski. Posiada mocowania pod listw\u0119 LED. W ZESTAWIE \u015aRUBKI DO MONTA\u017bU ZESTAW Z PRZEDNIEGO ORAZ TYLNEGO&hellip;<\/p>\n","protected":false},"featured_media":4978,"template":"","meta":{"spay_email":""},"product_cat":[123,75,41],"product_tag":[105],"woo-feed-brand":[],"acf":[],"_links":{"self":[{"href":"https:\/\/www.atvquadotwock.pl\/sklep\/wp-json\/wp\/v2\/product\/1030"}],"collection":[{"href":"https:\/\/www.atvquadotwock.pl\/sklep\/wp-json\/wp\/v2\/product"}],"about":[{"href":"https:\/\/www.atvquadotwock.pl\/sklep\/wp-json\/wp\/v2\/types\/product"}],"wp:featuredmedia":[{"embeddable":true,"href":"https:\/\/www.atvquadotwock.pl\/sklep\/wp-json\/wp\/v2\/media\/4978"}],"wp:attachment":[{"href":"https:\/\/www.atvquadotwock.pl\/sklep\/wp-json\/wp\/v2\/media?parent=1030"}],"wp:term":[{"taxonomy":"product_cat","embeddable":true,"href":"https:\/\/www.atvquadotwock.pl\/sklep\/wp-json\/wp\/v2\/product_cat?post=1030"},{"taxonomy":"product_tag","embeddable":true,"href":"https:\/\/www.atvquadotwock.pl\/sklep\/wp-json\/wp\/v2\/product_tag?post=1030"},{"taxonomy":"woo-feed-brand","embeddable":true,"href":"https:\/\/www.atvquadotwock.pl\/sklep\/wp-json\/wp\/v2\/woo-feed-brand?post=1030"}],"curies":[{"name":"wp","href":"https:\/\/api.w.org\/{rel}","templated":true}]}}