{"id":103,"date":"2020-05-03T17:33:06","date_gmt":"2020-05-03T17:33:06","guid":{"rendered":"https:\/\/www.atvquadotwock.pl\/sklep\/?post_type=product&#038;p=103"},"modified":"2023-08-10T10:19:44","modified_gmt":"2023-08-10T10:19:44","slug":"pasek-napedowy-gates-40c3569-wzmacniany-do-cfmoto","status":"publish","type":"product","link":"https:\/\/www.atvquadotwock.pl\/sklep\/produkt\/pasek-napedowy-gates-40c3569-wzmacniany-do-cfmoto\/","title":{"rendered":"PASEK NAP\u0118DOWY GATES WZMOCNIONY 40C3569 CFMOTO 450 500 520 550 600 625"},"content":{"rendered":"<p>CFMOTO 450 500 520 550 600<br \/>\nKOD PRODUKTU: 40C3569<br \/>\nKOD OEM: 0180-055000<\/p>\n<p>Pasek nap\u0119dowy wzmacniany Gates G-force 40C3569 jeszcze mocniejszy od standardowego paska 40G3569<\/p>\n<p>Pierwszy pasek nap\u0119dowy wykorzystuj\u0105cy rozci\u0105gaj\u0105ce si\u0119 w\u0142\u00f3kna w\u0119glowe, kt\u00f3re w po\u0142\u0105czeniu ze specjalna mieszanka gumy i \u017cywicy daj\u0105:<br \/>\n-niesamowit\u0105 wytrzyma\u0142o\u015b\u0107 ,<br \/>\n-zwi\u0119kszon\u0105 odporno\u015b\u0107 na boczne obci\u0105\u017cenia,<br \/>\n&#8211; zapobiega rozwarstwianiu paska i zrywaniu<\/p>\n<p>&nbsp;<\/p>\n<p>Przy wymianie paska warto doposa\u017cy\u0107 si\u0119 podk\u0142adk\u0119 lewego talerza wariatora.<\/p>\n<p>symbol oem cfmoto o numerze: 0180-055000<\/p>\n","protected":false},"excerpt":{"rendered":"<p>CFMOTO 450 500 520 550 600 KOD PRODUKTU: 40C3569 KOD OEM: 0180-055000 Pasek nap\u0119dowy wzmacniany Gates G-force 40C3569 jeszcze mocniejszy&hellip;<\/p>\n","protected":false},"featured_media":426,"template":"","meta":{"spay_email":""},"product_cat":[112,100,94,90,91,92,93,106,38],"product_tag":[],"woo-feed-brand":[],"acf":[],"_links":{"self":[{"href":"https:\/\/www.atvquadotwock.pl\/sklep\/wp-json\/wp\/v2\/product\/103"}],"collection":[{"href":"https:\/\/www.atvquadotwock.pl\/sklep\/wp-json\/wp\/v2\/product"}],"about":[{"href":"https:\/\/www.atvquadotwock.pl\/sklep\/wp-json\/wp\/v2\/types\/product"}],"wp:featuredmedia":[{"embeddable":true,"href":"https:\/\/www.atvquadotwock.pl\/sklep\/wp-json\/wp\/v2\/media\/426"}],"wp:attachment":[{"href":"https:\/\/www.atvquadotwock.pl\/sklep\/wp-json\/wp\/v2\/media?parent=103"}],"wp:term":[{"taxonomy":"product_cat","embeddable":true,"href":"https:\/\/www.atvquadotwock.pl\/sklep\/wp-json\/wp\/v2\/product_cat?post=103"},{"taxonomy":"product_tag","embeddable":true,"href":"https:\/\/www.atvquadotwock.pl\/sklep\/wp-json\/wp\/v2\/product_tag?post=103"},{"taxonomy":"woo-feed-brand","embeddable":true,"href":"https:\/\/www.atvquadotwock.pl\/sklep\/wp-json\/wp\/v2\/woo-feed-brand?post=103"}],"curies":[{"name":"wp","href":"https:\/\/api.w.org\/{rel}","templated":true}]}}