{"id":10270,"date":"2025-08-28T10:07:51","date_gmt":"2025-08-28T10:07:51","guid":{"rendered":"https:\/\/www.atvquadotwock.pl\/sklep\/?post_type=product&#038;p=10270"},"modified":"2025-08-28T10:10:03","modified_gmt":"2025-08-28T10:10:03","slug":"zestaw-lusterek-motocyklowych-double-take-mirror-2-0-adventure","status":"publish","type":"product","link":"https:\/\/www.atvquadotwock.pl\/sklep\/produkt\/zestaw-lusterek-motocyklowych-double-take-mirror-2-0-adventure\/","title":{"rendered":"Zestaw lusterek motocyklowych Double Take Mirror 2.0 Adventure lusterka"},"content":{"rendered":"<ul>\n<li><strong>Informacje o produkcie:<\/strong>\n<ul>\n<li><strong>Lusterka\u00a0<\/strong>\n<ul>\n<li>Powierzchnia lusterek: ok. 14 [cm]<\/li>\n<\/ul>\n<\/li>\n<li><strong>Ramiona monta\u017cowe marki DTM System 2.0<\/strong>\n<ul>\n<li>Wykonane z aluminium<\/li>\n<li>Dobrze utrzymuj\u0105 lusterko we w\u0142a\u015bciwej pozycji<\/li>\n<li>Odkr\u0119cenie i dokr\u0119cenie nie wymaga u\u017cycia du\u017cej si\u0142y<\/li>\n<li>D\u0142ugo\u015b\u0107 ramion: 8.9 [cm]<\/li>\n<\/ul>\n<\/li>\n<li><strong>Kula monta\u017cowa DTM System 2.0\u00a0<\/strong>ze \u015brubami monta\u017cowymi kompatybilnymi z wi\u0119kszo\u015bci\u0105 motocykli i quad\u00f3w\n<ul>\n<li>\u015arednica kuli 2.86 [cm]\/ 1.125 [&#8220;]<\/li>\n<li>Wykonana z materia\u0142u Nitril<\/li>\n<\/ul>\n<\/li>\n<li>Wszystkie elementy System\u00f3w 1.0 oraz 2.0 s\u0105 ze sob\u0105 kompatybilne<\/li>\n<li>Do\u017cywotnia gwarancja na wszystkie elmenty z zestawu<\/li>\n<\/ul>\n<p>&nbsp;<\/p>\n<p><strong>W zestawie:<\/strong><\/p>\n<ul>\n<li>2 x lusterko motocyklowe DTM Adventure<\/li>\n<li>2 x rami\u0119 monta\u017cowe DTM System 2.0 o d\u0142ugo\u015bci 8.9 [cm]<\/li>\n<li>2 x kula monta\u017cowa DTM System 2.0<\/li>\n<li>2 x zestaw 4 \u015brub (po jednym do ka\u017cdej kuli monta\u017cowej)\n<ul>\n<li>M10 1.25 [mm]<\/li>\n<li>M10 1.5 [mm]<\/li>\n<li>M10 1.25 [mm] lewy gwint<\/li>\n<li>M10 1.25 [mm] d\u0142u\u017csza<\/li>\n<\/ul>\n<\/li>\n<li>2 x podk\u0142adka<\/li>\n<\/ul>\n<\/li>\n<\/ul>\n<p>Wrazie zam\u00f3wie\u0144 do pojazd\u00f3w CFMOTO gdzie jest m8 \u015bruba, prosz\u0119 o informacje a w\u0142o\u017cymy do paczki!<\/p>\n","protected":false},"excerpt":{"rendered":"<p>Informacje o produkcie: Lusterka\u00a0 Powierzchnia lusterek: ok. 14 [cm] Ramiona monta\u017cowe marki DTM System 2.0 Wykonane z aluminium Dobrze utrzymuj\u0105&hellip;<\/p>\n","protected":false},"featured_media":10271,"template":"","meta":{"spay_email":""},"product_cat":[112,100,94,90,91,92,93,106,95,96,97,98],"product_tag":[],"woo-feed-brand":[],"acf":[],"_links":{"self":[{"href":"https:\/\/www.atvquadotwock.pl\/sklep\/wp-json\/wp\/v2\/product\/10270"}],"collection":[{"href":"https:\/\/www.atvquadotwock.pl\/sklep\/wp-json\/wp\/v2\/product"}],"about":[{"href":"https:\/\/www.atvquadotwock.pl\/sklep\/wp-json\/wp\/v2\/types\/product"}],"wp:featuredmedia":[{"embeddable":true,"href":"https:\/\/www.atvquadotwock.pl\/sklep\/wp-json\/wp\/v2\/media\/10271"}],"wp:attachment":[{"href":"https:\/\/www.atvquadotwock.pl\/sklep\/wp-json\/wp\/v2\/media?parent=10270"}],"wp:term":[{"taxonomy":"product_cat","embeddable":true,"href":"https:\/\/www.atvquadotwock.pl\/sklep\/wp-json\/wp\/v2\/product_cat?post=10270"},{"taxonomy":"product_tag","embeddable":true,"href":"https:\/\/www.atvquadotwock.pl\/sklep\/wp-json\/wp\/v2\/product_tag?post=10270"},{"taxonomy":"woo-feed-brand","embeddable":true,"href":"https:\/\/www.atvquadotwock.pl\/sklep\/wp-json\/wp\/v2\/woo-feed-brand?post=10270"}],"curies":[{"name":"wp","href":"https:\/\/api.w.org\/{rel}","templated":true}]}}