{"id":10261,"date":"2025-08-25T09:56:56","date_gmt":"2025-08-25T09:56:56","guid":{"rendered":"https:\/\/www.atvquadotwock.pl\/sklep\/?post_type=product&#038;p=10261"},"modified":"2025-08-25T09:56:56","modified_gmt":"2025-08-25T09:56:56","slug":"oslony-aluminiowe-loncin-1000-xwolf-long","status":"publish","type":"product","link":"https:\/\/www.atvquadotwock.pl\/sklep\/produkt\/oslony-aluminiowe-loncin-1000-xwolf-long\/","title":{"rendered":"Os\u0142ony aluminiowe Loncin 1000 xwolf long"},"content":{"rendered":"<p>w zestawie \u015brubki oraz instrukcja monta\u017cu.<\/p>\n","protected":false},"excerpt":{"rendered":"<p>w zestawie \u015brubki oraz instrukcja monta\u017cu.<\/p>\n","protected":false},"featured_media":10263,"template":"","meta":{"spay_email":""},"product_cat":[89],"product_tag":[],"woo-feed-brand":[],"acf":[],"_links":{"self":[{"href":"https:\/\/www.atvquadotwock.pl\/sklep\/wp-json\/wp\/v2\/product\/10261"}],"collection":[{"href":"https:\/\/www.atvquadotwock.pl\/sklep\/wp-json\/wp\/v2\/product"}],"about":[{"href":"https:\/\/www.atvquadotwock.pl\/sklep\/wp-json\/wp\/v2\/types\/product"}],"wp:featuredmedia":[{"embeddable":true,"href":"https:\/\/www.atvquadotwock.pl\/sklep\/wp-json\/wp\/v2\/media\/10263"}],"wp:attachment":[{"href":"https:\/\/www.atvquadotwock.pl\/sklep\/wp-json\/wp\/v2\/media?parent=10261"}],"wp:term":[{"taxonomy":"product_cat","embeddable":true,"href":"https:\/\/www.atvquadotwock.pl\/sklep\/wp-json\/wp\/v2\/product_cat?post=10261"},{"taxonomy":"product_tag","embeddable":true,"href":"https:\/\/www.atvquadotwock.pl\/sklep\/wp-json\/wp\/v2\/product_tag?post=10261"},{"taxonomy":"woo-feed-brand","embeddable":true,"href":"https:\/\/www.atvquadotwock.pl\/sklep\/wp-json\/wp\/v2\/woo-feed-brand?post=10261"}],"curies":[{"name":"wp","href":"https:\/\/api.w.org\/{rel}","templated":true}]}}