{"id":1021,"date":"2020-07-17T16:29:35","date_gmt":"2020-07-17T16:29:35","guid":{"rendered":"https:\/\/www.atvquadotwock.pl\/sklep\/?post_type=product&#038;p=1021"},"modified":"2025-10-03T09:50:14","modified_gmt":"2025-10-03T09:50:14","slug":"zderzak-bumper-przod-cfmoto-850-1000-xc-cf-moto","status":"publish","type":"product","link":"https:\/\/www.atvquadotwock.pl\/sklep\/produkt\/zderzak-bumper-przod-cfmoto-850-1000-xc-cf-moto\/","title":{"rendered":"Zderzak Bumper PRZ\u00d3D CFMOTO 850 1000 XC CF MOTO STORM MP0369"},"content":{"rendered":"<p>wersja sport r\u00f3\u017cni si\u0119 od innych tym \u017ce musimy zdemontowa\u0107 fabryczny bumper i zamontowa\u0107 nowy, dzi\u0119ki czemu mamy mniej kg ni\u017c w standardowych bumperach<\/p>\n<p>KOD PRODUKTU: STORM MP0369<\/p>\n","protected":false},"excerpt":{"rendered":"<p>wersja sport r\u00f3\u017cni si\u0119 od innych tym \u017ce musimy zdemontowa\u0107 fabryczny bumper i zamontowa\u0107 nowy, dzi\u0119ki czemu mamy mniej kg&hellip;<\/p>\n","protected":false},"featured_media":3434,"template":"","meta":{"spay_email":""},"product_cat":[75,97,98,41],"product_tag":[105],"woo-feed-brand":[],"acf":[],"_links":{"self":[{"href":"https:\/\/www.atvquadotwock.pl\/sklep\/wp-json\/wp\/v2\/product\/1021"}],"collection":[{"href":"https:\/\/www.atvquadotwock.pl\/sklep\/wp-json\/wp\/v2\/product"}],"about":[{"href":"https:\/\/www.atvquadotwock.pl\/sklep\/wp-json\/wp\/v2\/types\/product"}],"wp:featuredmedia":[{"embeddable":true,"href":"https:\/\/www.atvquadotwock.pl\/sklep\/wp-json\/wp\/v2\/media\/3434"}],"wp:attachment":[{"href":"https:\/\/www.atvquadotwock.pl\/sklep\/wp-json\/wp\/v2\/media?parent=1021"}],"wp:term":[{"taxonomy":"product_cat","embeddable":true,"href":"https:\/\/www.atvquadotwock.pl\/sklep\/wp-json\/wp\/v2\/product_cat?post=1021"},{"taxonomy":"product_tag","embeddable":true,"href":"https:\/\/www.atvquadotwock.pl\/sklep\/wp-json\/wp\/v2\/product_tag?post=1021"},{"taxonomy":"woo-feed-brand","embeddable":true,"href":"https:\/\/www.atvquadotwock.pl\/sklep\/wp-json\/wp\/v2\/woo-feed-brand?post=1021"}],"curies":[{"name":"wp","href":"https:\/\/api.w.org\/{rel}","templated":true}]}}