{"id":1015,"date":"2020-07-17T15:02:03","date_gmt":"2020-07-17T15:02:03","guid":{"rendered":"https:\/\/www.atvquadotwock.pl\/sklep\/?post_type=product&#038;p=1015"},"modified":"2025-09-30T08:06:48","modified_gmt":"2025-09-30T08:06:48","slug":"lift-zawieszenia-cfmoto-850-1000","status":"publish","type":"product","link":"https:\/\/www.atvquadotwock.pl\/sklep\/produkt\/lift-zawieszenia-cfmoto-850-1000\/","title":{"rendered":"LIFT KIT zawieszenia 1.5 cala CFMOTO 850 1000 podniesienie podnoszenie CF MOTO"},"content":{"rendered":"<p>\u0141atwa instalacja, montujemy adaptery na g\u00f3rne mocowania amortyzator\u00f3w.<\/p>\n<p>w zestawie \u015brubki oraz instrukcja.<\/p>\n<p>Podnosi quada o +1,5&#8243; cala (40mm).<\/p>\n<p>PASUJE TYLKO DO GEN 2!<\/p>\n<p><iframe loading=\"lazy\" title=\"YouTube video player\" src=\"https:\/\/www.youtube.com\/embed\/H78V_hsIou0\" width=\"560\" height=\"315\" frameborder=\"0\" allowfullscreen=\"allowfullscreen\"><\/iframe><\/p>\n<p>MP0534<\/p>\n","protected":false},"excerpt":{"rendered":"<p>\u0141atwa instalacja, montujemy adaptery na g\u00f3rne mocowania amortyzator\u00f3w. w zestawie \u015brubki oraz instrukcja. Podnosi quada o +1,5&#8243; cala (40mm). PASUJE&hellip;<\/p>\n","protected":false},"featured_media":1016,"template":"","meta":{"spay_email":""},"product_cat":[97,98,102],"product_tag":[],"woo-feed-brand":[],"acf":[],"_links":{"self":[{"href":"https:\/\/www.atvquadotwock.pl\/sklep\/wp-json\/wp\/v2\/product\/1015"}],"collection":[{"href":"https:\/\/www.atvquadotwock.pl\/sklep\/wp-json\/wp\/v2\/product"}],"about":[{"href":"https:\/\/www.atvquadotwock.pl\/sklep\/wp-json\/wp\/v2\/types\/product"}],"wp:featuredmedia":[{"embeddable":true,"href":"https:\/\/www.atvquadotwock.pl\/sklep\/wp-json\/wp\/v2\/media\/1016"}],"wp:attachment":[{"href":"https:\/\/www.atvquadotwock.pl\/sklep\/wp-json\/wp\/v2\/media?parent=1015"}],"wp:term":[{"taxonomy":"product_cat","embeddable":true,"href":"https:\/\/www.atvquadotwock.pl\/sklep\/wp-json\/wp\/v2\/product_cat?post=1015"},{"taxonomy":"product_tag","embeddable":true,"href":"https:\/\/www.atvquadotwock.pl\/sklep\/wp-json\/wp\/v2\/product_tag?post=1015"},{"taxonomy":"woo-feed-brand","embeddable":true,"href":"https:\/\/www.atvquadotwock.pl\/sklep\/wp-json\/wp\/v2\/woo-feed-brand?post=1015"}],"curies":[{"name":"wp","href":"https:\/\/api.w.org\/{rel}","templated":true}]}}