{"id":10136,"date":"2025-08-07T11:27:25","date_gmt":"2025-08-07T11:27:25","guid":{"rendered":"https:\/\/www.atvquadotwock.pl\/sklep\/?post_type=product&#038;p=10136"},"modified":"2025-10-03T09:35:18","modified_gmt":"2025-10-03T09:35:18","slug":"bumper-przod-mud-overland-cfmoto-850-gen3-1000-g3","status":"publish","type":"product","link":"https:\/\/www.atvquadotwock.pl\/sklep\/produkt\/bumper-przod-mud-overland-cfmoto-850-gen3-1000-g3\/","title":{"rendered":"bumper prz\u00f3d mud overland cfmoto 850 gen3 1000 g3"},"content":{"rendered":"<p>bumper prz\u00f3d do cfmoto 850\/1000 gen3<\/p>\n<p>&nbsp;<\/p>\n<p>wyst\u0119puje w overland. pasuje te\u017c do 850 zwyk\u0142ej i 1000 zwyk\u0142ego.<\/p>\n","protected":false},"excerpt":{"rendered":"<p>bumper prz\u00f3d do cfmoto 850\/1000 gen3 &nbsp; wyst\u0119puje w overland. pasuje te\u017c do 850 zwyk\u0142ej i 1000 zwyk\u0142ego.<\/p>\n","protected":false},"featured_media":10137,"template":"","meta":{"spay_email":""},"product_cat":[41],"product_tag":[],"woo-feed-brand":[],"acf":[],"_links":{"self":[{"href":"https:\/\/www.atvquadotwock.pl\/sklep\/wp-json\/wp\/v2\/product\/10136"}],"collection":[{"href":"https:\/\/www.atvquadotwock.pl\/sklep\/wp-json\/wp\/v2\/product"}],"about":[{"href":"https:\/\/www.atvquadotwock.pl\/sklep\/wp-json\/wp\/v2\/types\/product"}],"wp:featuredmedia":[{"embeddable":true,"href":"https:\/\/www.atvquadotwock.pl\/sklep\/wp-json\/wp\/v2\/media\/10137"}],"wp:attachment":[{"href":"https:\/\/www.atvquadotwock.pl\/sklep\/wp-json\/wp\/v2\/media?parent=10136"}],"wp:term":[{"taxonomy":"product_cat","embeddable":true,"href":"https:\/\/www.atvquadotwock.pl\/sklep\/wp-json\/wp\/v2\/product_cat?post=10136"},{"taxonomy":"product_tag","embeddable":true,"href":"https:\/\/www.atvquadotwock.pl\/sklep\/wp-json\/wp\/v2\/product_tag?post=10136"},{"taxonomy":"woo-feed-brand","embeddable":true,"href":"https:\/\/www.atvquadotwock.pl\/sklep\/wp-json\/wp\/v2\/woo-feed-brand?post=10136"}],"curies":[{"name":"wp","href":"https:\/\/api.w.org\/{rel}","templated":true}]}}