{"id":7,"date":"2020-04-23T22:57:18","date_gmt":"2020-04-23T22:57:18","guid":{"rendered":"https:\/\/www.atvquadotwock.pl\/sklep\/koszyk\/"},"modified":"2020-10-08T10:57:30","modified_gmt":"2020-10-08T10:57:30","slug":"koszyk","status":"publish","type":"page","link":"https:\/\/www.atvquadotwock.pl\/sklep\/koszyk\/","title":{"rendered":"Koszyk"},"content":{"rendered":"\t\t<div data-elementor-type=\"wp-page\" data-elementor-id=\"7\" class=\"elementor elementor-7\" data-elementor-settings=\"[]\">\n\t\t\t\t\t\t<div class=\"elementor-inner\">\n\t\t\t\t\t\t\t<div class=\"elementor-section-wrap\">\n\t\t\t\t\t\t\t<section class=\"elementor-section elementor-top-section elementor-element elementor-element-30dd5a52 elementor-section-boxed elementor-section-height-default elementor-section-height-default\" data-id=\"30dd5a52\" data-element_type=\"section\">\n\t\t\t\t\t\t<div class=\"elementor-container elementor-column-gap-default\">\n\t\t\t\t\t\t\t<div class=\"elementor-row\">\n\t\t\t\t\t<div class=\"elementor-column elementor-col-100 elementor-top-column elementor-element elementor-element-370ebd8c\" data-id=\"370ebd8c\" data-element_type=\"column\">\n\t\t\t<div class=\"elementor-column-wrap elementor-element-populated\">\n\t\t\t\t\t\t\t<div class=\"elementor-widget-wrap\">\n\t\t\t\t\t\t<div class=\"elementor-element elementor-element-44d35f22 elementor-widget elementor-widget-text-editor\" data-id=\"44d35f22\" data-element_type=\"widget\" data-widget_type=\"text-editor.default\">\n\t\t\t\t<div class=\"elementor-widget-container\">\n\t\t\t\t\t\t\t\t<div class=\"elementor-text-editor elementor-clearfix\">\n\t\t\t\t<!-- wp:shortcode --><!-- \/wp:shortcode -->\t\t\t\t\t<\/div>\n\t\t\t\t\t\t<\/div>\n\t\t\t\t<\/div>\n\t\t\t\t\t\t<\/div>\n\t\t\t\t\t<\/div>\n\t\t<\/div>\n\t\t\t\t\t\t\t\t<\/div>\n\t\t\t\t\t<\/div>\n\t\t<\/section>\n\t\t\t\t<section class=\"elementor-section elementor-top-section elementor-element elementor-element-c82418e elementor-section-boxed elementor-section-height-default elementor-section-height-default\" data-id=\"c82418e\" data-element_type=\"section\">\n\t\t\t\t\t\t<div class=\"elementor-container elementor-column-gap-default\">\n\t\t\t\t\t\t\t<div class=\"elementor-row\">\n\t\t\t\t\t<div class=\"elementor-column elementor-col-100 elementor-top-column elementor-element elementor-element-2ec39e0\" data-id=\"2ec39e0\" data-element_type=\"column\">\n\t\t\t<div class=\"elementor-column-wrap elementor-element-populated\">\n\t\t\t\t\t\t\t<div class=\"elementor-widget-wrap\">\n\t\t\t\t\t\t<div class=\"elementor-element elementor-element-3c84e5b elementor-widget elementor-widget-text-editor\" data-id=\"3c84e5b\" data-element_type=\"widget\" data-widget_type=\"text-editor.default\">\n\t\t\t\t<div class=\"elementor-widget-container\">\n\t\t\t\t\t\t\t\t<div class=\"elementor-text-editor elementor-clearfix\">\n\t\t\t\t<p><strong>Przed zakupem zapytaj nas o dost\u0119pno\u015b\u0107. Szukasz innych cz\u0119\u015bci do CFMOTO? Napisz lub zadzwo\u0144.&nbsp;<\/strong><\/p>\n<p><\/p>\n<p>Tw\u00f3j autoryzowany dealer CFMOTO. Sklep ATV-QUAD 05-400 Otwock ul. \u0141ugi 82&nbsp;<\/p>\n<p><\/p>\n<p>Czynny od Poniedzia\u0142ku do Pi\u0105tku 10:00 \u2013 18:00<\/p>\n<p>&nbsp;tel. 791 477 830<\/p><p>Wysy\u0142ka mo\u017ce op\u00f3\u017ani\u0107 si\u0119 ze wzgl\u0119du na brak danej cz\u0119\u015bci<\/p>\n<p><\/p>\t\t\t\t\t<\/div>\n\t\t\t\t\t\t<\/div>\n\t\t\t\t<\/div>\n\t\t\t\t\t\t<\/div>\n\t\t\t\t\t<\/div>\n\t\t<\/div>\n\t\t\t\t\t\t\t\t<\/div>\n\t\t\t\t\t<\/div>\n\t\t<\/section>\n\t\t\t\t\t\t<\/div>\n\t\t\t\t\t\t<\/div>\n\t\t\t\t\t<\/div>\n\t\t","protected":false},"excerpt":{"rendered":"<p>Przed zakupem zapytaj nas o dost\u0119pno\u015b\u0107. Szukasz innych cz\u0119\u015bci do CFMOTO? Napisz lub zadzwo\u0144.&nbsp; Tw\u00f3j autoryzowany dealer CFMOTO. Sklep ATV-QUAD&hellip;<\/p>\n","protected":false},"author":1,"featured_media":0,"parent":0,"menu_order":0,"comment_status":"closed","ping_status":"closed","template":"","meta":{"spay_email":""},"acf":[],"_links":{"self":[{"href":"https:\/\/www.atvquadotwock.pl\/sklep\/wp-json\/wp\/v2\/pages\/7"}],"collection":[{"href":"https:\/\/www.atvquadotwock.pl\/sklep\/wp-json\/wp\/v2\/pages"}],"about":[{"href":"https:\/\/www.atvquadotwock.pl\/sklep\/wp-json\/wp\/v2\/types\/page"}],"author":[{"embeddable":true,"href":"https:\/\/www.atvquadotwock.pl\/sklep\/wp-json\/wp\/v2\/users\/1"}],"replies":[{"embeddable":true,"href":"https:\/\/www.atvquadotwock.pl\/sklep\/wp-json\/wp\/v2\/comments?post=7"}],"version-history":[{"count":7,"href":"https:\/\/www.atvquadotwock.pl\/sklep\/wp-json\/wp\/v2\/pages\/7\/revisions"}],"predecessor-version":[{"id":3074,"href":"https:\/\/www.atvquadotwock.pl\/sklep\/wp-json\/wp\/v2\/pages\/7\/revisions\/3074"}],"wp:attachment":[{"href":"https:\/\/www.atvquadotwock.pl\/sklep\/wp-json\/wp\/v2\/media?parent=7"}],"curies":[{"name":"wp","href":"https:\/\/api.w.org\/{rel}","templated":true}]}}