{"id":340,"date":"2020-05-11T20:40:23","date_gmt":"2020-05-11T20:40:23","guid":{"rendered":"https:\/\/www.atvquadotwock.pl\/sklep\/?page_id=340"},"modified":"2025-10-07T07:35:51","modified_gmt":"2025-10-07T07:35:51","slug":"kontakt","status":"publish","type":"page","link":"https:\/\/www.atvquadotwock.pl\/sklep\/kontakt\/","title":{"rendered":"Kontakt"},"content":{"rendered":"<p><iframe src=\"https:\/\/maps.google.com\/maps?q=ATV%20QUAD%20%20ul.%20%C5%81ugi%2082%2005-400%20Otwock&amp;t=m&amp;z=10&amp;output=embed&amp;iwloc=near\" frameborder=\"0\" marginwidth=\"0\" marginheight=\"0\" scrolling=\"no\" aria-label=\"ATV QUAD ul. \u0141ugi 82 05-400 Otwock\"><\/iframe><\/p>\n<h3 style=\"text-align: center;\" data-animation-name=\"fadeIn\" data-animation-duration=\"1000\" data-animation-delay=\"0\">ZAPRASZAMY!!<\/h3>\n<p style=\"text-align: center;\"><b>OTWOCK KO\u0141O WARSZAWY<\/b><\/p>\n<h3 style=\"text-align: center;\">ATV-QUAD SP. Z O.O.<\/h3>\n<p data-animation-name=\"fadeIn\" data-animation-duration=\"1000\" data-animation-delay=\"0\">\u00a0 \u00a0 \u00a0 \u00a0 \u00a0 \u00a0 \u00a0 \u00a0 \u00a0 \u00a0 \u00a0 \u00a0 \u00a0 \u00a0 \u00a0 \u00a0 \u00a0 \u00a0 \u00a0 \u00a0 \u00a0 \u00a0 \u00a0 \u00a0 \u00a0 \u00a0 \u00a0 \u00a0 siedziba: 01-105 WARSZAWA ul. Sowi\u0144skiego 49B\/33<\/p>\n<p style=\"text-align: center;\" data-animation-name=\"fadeIn\" data-animation-duration=\"1000\" data-animation-delay=\"0\">adres wykonywania dzia\u0142alno\u015bci:<\/p>\n<p style=\"text-align: center;\" data-animation-name=\"fadeIn\" data-animation-duration=\"1000\" data-animation-delay=\"0\">ul. \u0141ugi 82<\/p>\n<p style=\"text-align: center;\" data-animation-name=\"fadeIn\" data-animation-duration=\"1000\" data-animation-delay=\"0\">05-400 Otwock<br \/>\n(za osiedlem Batorego i sklepem \u201eBiedronka\u201d)<\/p>\n<p style=\"text-align: center;\" data-animation-name=\"fadeIn\" data-animation-duration=\"1000\" data-animation-delay=\"0\">Numer NIP: 5273055244<br \/>\nNumer REGON: \u00a0525244477<br \/>\nNumer konta:<br \/>\nPL: 74 1050 1012 1000 0090 8226 0010<\/p>\n<p data-animation-name=\"fadeIn\" data-animation-duration=\"1000\" data-animation-delay=\"0\">\u00a0 \u00a0 \u00a0 \u00a0 \u00a0 \u00a0 \u00a0 \u00a0 \u00a0 \u00a0 \u00a0 \u00a0 \u00a0 \u00a0 \u00a0 \u00a0 \u00a0 \u00a0 \u00a0 \u00a0 \u00a0 \u00a0 \u00a0 \u00a0 \u00a0 \u00a0 \u00a0 \u00a0 \u00a0 \u00a0 \u00a0 IBAN: PL44 1050 1012 1000 0090 8245 1155<\/p>\n<p style=\"text-align: center;\" data-animation-name=\"fadeIn\" data-animation-duration=\"1000\" data-animation-delay=\"0\">SWIFT: INGBPLPW<\/p>\n<p style=\"text-align: center;\" data-animation-name=\"fadeIn\" data-animation-duration=\"1000\" data-animation-delay=\"0\">tel: 508 608 208\u00a0 (nowe pojazdy)<\/p>\n<p style=\"text-align: center;\" data-animation-name=\"fadeIn\" data-animation-duration=\"1000\" data-animation-delay=\"0\">+48 791 418 073 ( serwis)<\/p>\n<p style=\"text-align: center;\" data-animation-name=\"fadeIn\" data-animation-duration=\"1000\" data-animation-delay=\"0\">+48 791 477 830 (sprzeda\u017c cz\u0119\u015bci)<\/p>\n<p style=\"text-align: center;\">E-mail:\u00a0 sklep@atvquadotwock.pl<\/p>\n<p>&nbsp;<\/p>\n<figure><a href=\"https:\/\/www.facebook.com\/QUADYOTWOCK\"><img loading=\"lazy\" src=\"https:\/\/www.atvquadotwock.pl\/sklep\/wp-content\/uploads\/2020\/05\/bottom.png\" sizes=\"(max-width: 103px) 100vw, 103px\" srcset=\"https:\/\/www.atvquadotwock.pl\/sklep\/wp-content\/uploads\/2020\/05\/bottom.png 103w, https:\/\/www.atvquadotwock.pl\/sklep\/wp-content\/uploads\/2020\/05\/bottom-100x31.png 100w\" alt=\"\" width=\"103\" height=\"31\" \/><\/a><\/figure>\n<p>Polub nas na Facebooku!<br \/>\nI b\u0105d\u017a na bie\u017c\u0105co<\/p>\n<p><a href=\"https:\/\/www.youtube.com\/user\/ATVquadOTWOCK\">\u00a0<\/a><\/p>\n<p style=\"text-align: center;\">Subskrybuj Nasz kana\u0142 na You Tubie<\/p>\n","protected":false},"excerpt":{"rendered":"<p>ZAPRASZAMY!! OTWOCK KO\u0141O WARSZAWY ATV-QUAD SP. Z O.O. \u00a0 \u00a0 \u00a0 \u00a0 \u00a0 \u00a0 \u00a0 \u00a0 \u00a0 \u00a0 \u00a0 \u00a0&hellip;<\/p>\n","protected":false},"author":1,"featured_media":0,"parent":0,"menu_order":0,"comment_status":"closed","ping_status":"closed","template":"","meta":{"spay_email":""},"acf":[],"_links":{"self":[{"href":"https:\/\/www.atvquadotwock.pl\/sklep\/wp-json\/wp\/v2\/pages\/340"}],"collection":[{"href":"https:\/\/www.atvquadotwock.pl\/sklep\/wp-json\/wp\/v2\/pages"}],"about":[{"href":"https:\/\/www.atvquadotwock.pl\/sklep\/wp-json\/wp\/v2\/types\/page"}],"author":[{"embeddable":true,"href":"https:\/\/www.atvquadotwock.pl\/sklep\/wp-json\/wp\/v2\/users\/1"}],"replies":[{"embeddable":true,"href":"https:\/\/www.atvquadotwock.pl\/sklep\/wp-json\/wp\/v2\/comments?post=340"}],"version-history":[{"count":17,"href":"https:\/\/www.atvquadotwock.pl\/sklep\/wp-json\/wp\/v2\/pages\/340\/revisions"}],"predecessor-version":[{"id":10576,"href":"https:\/\/www.atvquadotwock.pl\/sklep\/wp-json\/wp\/v2\/pages\/340\/revisions\/10576"}],"wp:attachment":[{"href":"https:\/\/www.atvquadotwock.pl\/sklep\/wp-json\/wp\/v2\/media?parent=340"}],"curies":[{"name":"wp","href":"https:\/\/api.w.org\/{rel}","templated":true}]}}